{"id":17,"date":"2016-09-27T11:12:49","date_gmt":"2016-09-27T11:12:49","guid":{"rendered":"http:\/\/ld-wp.template-help.com\/wordpress_58970-sample\/?page_id=17"},"modified":"2025-12-13T20:58:00","modified_gmt":"2025-12-13T20:58:00","slug":"contactenos","status":"publish","type":"page","link":"https:\/\/cabanasaquablue.com\/hotel\/contactenos\/","title":{"rendered":"Cont\u00e1ctenos"},"content":{"rendered":"<p>Nombre Apellido Telefono Correo electr\u00f3nico \u00bfQu\u00e9 servicios necesitas? Hospedaje Eventos Sociales y Empresariales PQR Mensaje Acepto los<\/p>\n","protected":false},"excerpt":{"rendered":"<p>Nombre:Email:Mensaje:Cove\u00f1asSituado entre Tol\u00fa y Cove\u00f1as (Sucre), sector Puerto Viejo.cabanasaquablue@insetur.com+57 316 834 9117Promotores Directos del Turismo<\/p>\n","protected":false},"author":1,"featured_media":0,"parent":0,"menu_order":0,"comment_status":"closed","ping_status":"closed","template":"","meta":{"footnotes":""},"class_list":["post-17","page","type-page","status-publish","hentry","no-thumb"],"_links":{"self":[{"href":"https:\/\/cabanasaquablue.com\/hotel\/wp-json\/wp\/v2\/pages\/17","targetHints":{"allow":["GET"]}}],"collection":[{"href":"https:\/\/cabanasaquablue.com\/hotel\/wp-json\/wp\/v2\/pages"}],"about":[{"href":"https:\/\/cabanasaquablue.com\/hotel\/wp-json\/wp\/v2\/types\/page"}],"author":[{"embeddable":true,"href":"https:\/\/cabanasaquablue.com\/hotel\/wp-json\/wp\/v2\/users\/1"}],"replies":[{"embeddable":true,"href":"https:\/\/cabanasaquablue.com\/hotel\/wp-json\/wp\/v2\/comments?post=17"}],"version-history":[{"count":110,"href":"https:\/\/cabanasaquablue.com\/hotel\/wp-json\/wp\/v2\/pages\/17\/revisions"}],"predecessor-version":[{"id":3409,"href":"https:\/\/cabanasaquablue.com\/hotel\/wp-json\/wp\/v2\/pages\/17\/revisions\/3409"}],"wp:attachment":[{"href":"https:\/\/cabanasaquablue.com\/hotel\/wp-json\/wp\/v2\/media?parent=17"}],"curies":[{"name":"wp","href":"https:\/\/api.w.org\/{rel}","templated":true}]}}