{"id":1771,"date":"2017-07-27T21:02:04","date_gmt":"2017-07-27T21:02:04","guid":{"rendered":"https:\/\/hotel-lafragata.com\/nuevo2017\/?page_id=1771"},"modified":"2026-01-19T20:27:27","modified_gmt":"2026-01-19T20:27:27","slug":"planes","status":"publish","type":"page","link":"https:\/\/cabanasaquablue.com\/hotel\/planes\/","title":{"rendered":"Planes"},"content":{"rendered":"\t\t<div data-elementor-type=\"wp-page\" data-elementor-id=\"1771\" class=\"elementor elementor-1771\" data-elementor-post-type=\"page\">\n\t\t\t\t<div class=\"elementor-element elementor-element-2efc4e77 e-grid e-con-boxed e-con e-parent\" data-id=\"2efc4e77\" data-element_type=\"container\" data-e-type=\"container\" data-settings=\"{&quot;background_background&quot;:&quot;classic&quot;}\">\n\t\t\t\t\t<div class=\"e-con-inner\">\n\t\t\t\t<div class=\"elementor-element elementor-element-5eb5ee62 elementor-widget elementor-widget-heading\" data-id=\"5eb5ee62\" data-element_type=\"widget\" data-e-type=\"widget\" data-widget_type=\"heading.default\">\n\t\t\t\t<div class=\"elementor-widget-container\">\n\t\t\t\t\t<h2 class=\"elementor-heading-title elementor-size-default\">Planes<\/h2>\t\t\t\t<\/div>\n\t\t\t\t<\/div>\n\t\t\t\t\t<\/div>\n\t\t\t\t<\/div>\n\t\t<div class=\"elementor-element elementor-element-5c052cac e-flex e-con-boxed e-con e-parent\" data-id=\"5c052cac\" data-element_type=\"container\" data-e-type=\"container\">\n\t\t\t\t\t<div class=\"e-con-inner\">\n\t\t<div class=\"elementor-element elementor-element-49041638 e-con-full e-flex e-con e-child\" data-id=\"49041638\" data-element_type=\"container\" data-e-type=\"container\">\n\t\t\t\t<div class=\"elementor-element elementor-element-783b9edd elementor-widget elementor-widget-image\" data-id=\"783b9edd\" data-element_type=\"widget\" data-e-type=\"widget\" data-widget_type=\"image.default\">\n\t\t\t\t<div class=\"elementor-widget-container\">\n\t\t\t\t\t\t\t\t\t\t\t\t\t\t\t<img fetchpriority=\"high\" decoding=\"async\" width=\"1024\" height=\"768\" src=\"https:\/\/cabanasaquablue.com\/hotel\/wp-content\/uploads\/2026\/01\/nlokgj-1024x768.webp\" class=\"attachment-large size-large wp-image-3421\" alt=\"\" srcset=\"https:\/\/cabanasaquablue.com\/hotel\/wp-content\/uploads\/2026\/01\/nlokgj-1024x768.webp 1024w, https:\/\/cabanasaquablue.com\/hotel\/wp-content\/uploads\/2026\/01\/nlokgj-300x225.webp 300w, https:\/\/cabanasaquablue.com\/hotel\/wp-content\/uploads\/2026\/01\/nlokgj-768x576.webp 768w, https:\/\/cabanasaquablue.com\/hotel\/wp-content\/uploads\/2026\/01\/nlokgj-1536x1152.webp 1536w, https:\/\/cabanasaquablue.com\/hotel\/wp-content\/uploads\/2026\/01\/nlokgj-400x300.webp 400w, https:\/\/cabanasaquablue.com\/hotel\/wp-content\/uploads\/2026\/01\/nlokgj-800x600.webp 800w, https:\/\/cabanasaquablue.com\/hotel\/wp-content\/uploads\/2026\/01\/nlokgj-900x675.webp 900w, https:\/\/cabanasaquablue.com\/hotel\/wp-content\/uploads\/2026\/01\/nlokgj-1440x1080.webp 1440w, https:\/\/cabanasaquablue.com\/hotel\/wp-content\/uploads\/2026\/01\/nlokgj.webp 1600w\" sizes=\"(max-width: 1024px) 100vw, 1024px\" \/>\t\t\t\t\t\t\t\t\t\t\t\t\t\t\t<\/div>\n\t\t\t\t<\/div>\n\t\t\t\t<\/div>\n\t\t<div class=\"elementor-element elementor-element-26866c6e e-con-full e-flex e-con e-child\" data-id=\"26866c6e\" data-element_type=\"container\" data-e-type=\"container\">\n\t\t\t\t<div class=\"elementor-element elementor-element-18d760b9 elementor-widget elementor-widget-spacer\" data-id=\"18d760b9\" data-element_type=\"widget\" data-e-type=\"widget\" data-widget_type=\"spacer.default\">\n\t\t\t\t<div class=\"elementor-widget-container\">\n\t\t\t\t\t\t\t<div class=\"elementor-spacer\">\n\t\t\t<div class=\"elementor-spacer-inner\"><\/div>\n\t\t<\/div>\n\t\t\t\t\t\t<\/div>\n\t\t\t\t<\/div>\n\t\t\t\t<div class=\"elementor-element elementor-element-2986fbea elementor-widget elementor-widget-heading\" data-id=\"2986fbea\" data-element_type=\"widget\" data-e-type=\"widget\" data-widget_type=\"heading.default\">\n\t\t\t\t<div class=\"elementor-widget-container\">\n\t\t\t\t\t<h2 class=\"elementor-heading-title elementor-size-default\">Sobre nosotros<\/h2>\t\t\t\t<\/div>\n\t\t\t\t<\/div>\n\t\t\t\t<div class=\"elementor-element elementor-element-3e07976a elementor-widget elementor-widget-heading\" data-id=\"3e07976a\" data-element_type=\"widget\" data-e-type=\"widget\" data-widget_type=\"heading.default\">\n\t\t\t\t<div class=\"elementor-widget-container\">\n\t\t\t\t\t<h2 class=\"elementor-heading-title elementor-size-default\">Plan Locura \u2013 Noche Gratis<\/h2>\t\t\t\t<\/div>\n\t\t\t\t<\/div>\n\t\t\t\t<div class=\"elementor-element elementor-element-678d6498 elementor-widget elementor-widget-text-editor\" data-id=\"678d6498\" data-element_type=\"widget\" data-e-type=\"widget\" data-widget_type=\"text-editor.default\">\n\t\t\t\t<div class=\"elementor-widget-container\">\n\t\t\t\t\t\t\t\t\t<p data-start=\"1451\" data-end=\"1769\">Reserva a partir de\u00a0<strong data-start=\"1504\" data-end=\"1519\">tres noches<\/strong>\u00a0y recibe\u00a0<strong data-start=\"1529\" data-end=\"1562\">una noche adicional sin costo<\/strong>. Incluye alojamiento y parqueadero gratuito.<br data-start=\"1640\" data-end=\"1643\" \/>V\u00e1lido \u00fanicamente en temporada baja. Tarifas con IVA incluido. Plan no comisionable.<br data-start=\"1727\" data-end=\"1730\" \/>Reservas exclusivamente v\u00eda telef\u00f3nica.<\/p><p data-start=\"1771\" data-end=\"1816\">\ud83d\udcde 3168349117 | 3336004455 |\u00a0<\/p>\t\t\t\t\t\t\t\t<\/div>\n\t\t\t\t<\/div>\n\t\t\t\t<div class=\"elementor-element elementor-element-1868be9c elementor-widget elementor-widget-button\" data-id=\"1868be9c\" data-element_type=\"widget\" data-e-type=\"widget\" data-widget_type=\"button.default\">\n\t\t\t\t<div class=\"elementor-widget-container\">\n\t\t\t\t\t\t\t\t\t<div class=\"elementor-button-wrapper\">\n\t\t\t\t\t<a class=\"elementor-button elementor-button-link elementor-size-sm\" href=\"#\">\n\t\t\t\t\t\t<span class=\"elementor-button-content-wrapper\">\n\t\t\t\t\t\t\t\t\t<span class=\"elementor-button-text\">Reserva<\/span>\n\t\t\t\t\t<\/span>\n\t\t\t\t\t<\/a>\n\t\t\t\t<\/div>\n\t\t\t\t\t\t\t\t<\/div>\n\t\t\t\t<\/div>\n\t\t\t\t<\/div>\n\t\t\t\t\t<\/div>\n\t\t\t\t<\/div>\n\t\t\t\t<\/div>\n\t\t","protected":false},"excerpt":{"rendered":"<p>Planes Sobre nosotros Plan Locura \u2013 Noche Gratis Reserva a partir de\u00a0tres noches\u00a0y recibe\u00a0una noche adicional sin costo. Incluye alojamiento y parqueadero gratuito.V\u00e1lido \u00fanicamente en temporada baja. Tarifas con IVA incluido. Plan no comisionable.Reservas exclusivamente v\u00eda telef\u00f3nica. \ud83d\udcde 3168349117 | 3336004455 |\u00a0 Reserva<\/p>\n","protected":false},"author":1,"featured_media":0,"parent":0,"menu_order":0,"comment_status":"closed","ping_status":"closed","template":"","meta":{"footnotes":""},"class_list":["post-1771","page","type-page","status-publish","hentry","no-thumb"],"_links":{"self":[{"href":"https:\/\/cabanasaquablue.com\/hotel\/wp-json\/wp\/v2\/pages\/1771","targetHints":{"allow":["GET"]}}],"collection":[{"href":"https:\/\/cabanasaquablue.com\/hotel\/wp-json\/wp\/v2\/pages"}],"about":[{"href":"https:\/\/cabanasaquablue.com\/hotel\/wp-json\/wp\/v2\/types\/page"}],"author":[{"embeddable":true,"href":"https:\/\/cabanasaquablue.com\/hotel\/wp-json\/wp\/v2\/users\/1"}],"replies":[{"embeddable":true,"href":"https:\/\/cabanasaquablue.com\/hotel\/wp-json\/wp\/v2\/comments?post=1771"}],"version-history":[{"count":75,"href":"https:\/\/cabanasaquablue.com\/hotel\/wp-json\/wp\/v2\/pages\/1771\/revisions"}],"predecessor-version":[{"id":3424,"href":"https:\/\/cabanasaquablue.com\/hotel\/wp-json\/wp\/v2\/pages\/1771\/revisions\/3424"}],"wp:attachment":[{"href":"https:\/\/cabanasaquablue.com\/hotel\/wp-json\/wp\/v2\/media?parent=1771"}],"curies":[{"name":"wp","href":"https:\/\/api.w.org\/{rel}","templated":true}]}}