{"id":19,"date":"2016-09-27T11:13:08","date_gmt":"2016-09-27T11:13:08","guid":{"rendered":"http:\/\/ld-wp.template-help.com\/wordpress_58970-sample\/?page_id=19"},"modified":"2023-12-30T20:01:12","modified_gmt":"2023-12-30T20:01:12","slug":"bar","status":"publish","type":"page","link":"https:\/\/cabanasaquablue.com\/hotel\/bar\/","title":{"rendered":"Bar"},"content":{"rendered":"<p>Carta de Licores y c\u00f3cteles No te conformes con uno, cuando puedes disfrutar dos, tres o m\u00e1s C\u00f3cteles\u2026 Nuestros cocteles son ideales para todos los gustos y paladares COCO LOCO, pi\u00f1a colada, daikiry, Whisky, Vodka, Ron, Tequila, Ginebra y m\u00e1s est\u00e1n disponibles para ti e <a href=\"https:\/\/cabanasaquablue.com\/hotel\/bar\/\" title=\"Read more on Bar\" class=\"more-link\">read more<\/a><\/p>\n","protected":false},"excerpt":{"rendered":"<p>Carta de Licores y c\u00f3cteles No te conformes con uno, cuando puedes disfrutar dos, tres o m\u00e1s C\u00f3cteles\u2026 Nuestros cocteles son ideales para todos los gustos y paladares COCO LOCO, pi\u00f1a colada, daikiry, Whisky, Vodka, Ron, Tequila, Ginebra y m\u00e1s est\u00e1n disponibles para ti e read more<\/p>\n","protected":false},"author":1,"featured_media":0,"parent":0,"menu_order":0,"comment_status":"closed","ping_status":"closed","template":"","meta":{"footnotes":""},"class_list":["post-19","page","type-page","status-publish","hentry","no-thumb"],"_links":{"self":[{"href":"https:\/\/cabanasaquablue.com\/hotel\/wp-json\/wp\/v2\/pages\/19","targetHints":{"allow":["GET"]}}],"collection":[{"href":"https:\/\/cabanasaquablue.com\/hotel\/wp-json\/wp\/v2\/pages"}],"about":[{"href":"https:\/\/cabanasaquablue.com\/hotel\/wp-json\/wp\/v2\/types\/page"}],"author":[{"embeddable":true,"href":"https:\/\/cabanasaquablue.com\/hotel\/wp-json\/wp\/v2\/users\/1"}],"replies":[{"embeddable":true,"href":"https:\/\/cabanasaquablue.com\/hotel\/wp-json\/wp\/v2\/comments?post=19"}],"version-history":[{"count":86,"href":"https:\/\/cabanasaquablue.com\/hotel\/wp-json\/wp\/v2\/pages\/19\/revisions"}],"predecessor-version":[{"id":3006,"href":"https:\/\/cabanasaquablue.com\/hotel\/wp-json\/wp\/v2\/pages\/19\/revisions\/3006"}],"wp:attachment":[{"href":"https:\/\/cabanasaquablue.com\/hotel\/wp-json\/wp\/v2\/media?parent=19"}],"curies":[{"name":"wp","href":"https:\/\/api.w.org\/{rel}","templated":true}]}}